{"id":2368,"date":"2025-08-01T16:44:23","date_gmt":"2025-08-01T16:44:23","guid":{"rendered":"https:\/\/galeriehelligkeit.de\/?page_id=2368"},"modified":"2025-08-24T17:19:37","modified_gmt":"2025-08-24T17:19:37","slug":"dataskydd","status":"publish","type":"page","link":"https:\/\/galeriehelligkeit.de\/sv\/datenschutz\/","title":{"rendered":"Integritetspolicy"},"content":{"rendered":"<p>[et_pb_section fb_built=&#8220;1&#8243; admin_label=&#8220;Features Section&#8220; _builder_version=&#8220;4.27.4&#8243; background_color=&#8220;#000000&#8243; custom_padding=&#8220;110px||110px|&#8220; global_colors_info=&#8220;{}&#8220;][et_pb_row _builder_version=&#8220;4.16&#8243; custom_padding=&#8220;20px|||&#8220; locked=&#8220;off&#8220; global_colors_info=&#8220;{}&#8220;][et_pb_column type=&#8220;4_4&#8243; _builder_version=&#8220;4.16&#8243; custom_padding=&#8220;|||&#8220; global_colors_info=&#8220;{}&#8220; custom_padding__hover=&#8220;|||&#8220;][et_pb_text admin_label=&#8220;Features Section Title&#8220; _builder_version=&#8220;4.27.4&#8243; text_font=&#8220;||||||||&#8220; header_font=&#8220;Roboto|700||on|||||&#8220; header_text_align=&#8220;center&#8220; header_text_color=&#8220;#AFAFAF&#8220; header_font_size=&#8220;52px&#8220; header_letter_spacing=&#8220;4px&#8220; header_line_height=&#8220;1.2em&#8220; header_2_font=&#8220;||||||||&#8220; module_alignment=&#8220;center&#8220; custom_margin=&#8220;|||&#8220; custom_padding=&#8220;|||&#8220; animation_style=&#8220;fade&#8220; header_font_size_tablet=&#8220;40px&#8220; header_font_size_phone=&#8220;&#8220; header_font_size_last_edited=&#8220;on|tablet&#8220; locked=&#8220;off&#8220; global_colors_info=&#8220;{}&#8220;]<\/p>\n<h1>Datenschutz<\/h1>\n<p>[\/et_pb_text][et_pb_divider color=&#8220;#AFAFAF&#8220; divider_weight=&#8220;2px&#8220; disabled_on=&#8220;off|off|off&#8220; _builder_version=&#8220;4.27.4&#8243; max_width=&#8220;100px&#8220; module_alignment=&#8220;center&#8220; animation_style=&#8220;fade&#8220; locked=&#8220;off&#8220; global_colors_info=&#8220;{}&#8220;][\/et_pb_divider][\/et_pb_column][\/et_pb_row][et_pb_row _builder_version=&#8220;4.27.4&#8243; _module_preset=&#8220;default&#8220; global_colors_info=&#8220;{}&#8220;][et_pb_column type=&#8220;4_4&#8243; _builder_version=&#8220;4.27.4&#8243; _module_preset=&#8220;default&#8220; global_colors_info=&#8220;{}&#8220;][et_pb_text _builder_version=&#8220;4.27.4&#8243; _module_preset=&#8220;default&#8220; text_text_color=&#8220;#AFAFAF&#8220; text_font_size=&#8220;20px&#8220; hover_enabled=&#8220;0&#8243; global_colors_info=&#8220;{}&#8220; sticky_enabled=&#8220;0&#8243;]<\/p>\n<p><strong>1. Verantwortliche Stelle<\/strong><\/p>\n<p>Verantwortlich f\u00fcr die Datenverarbeitung auf dieser Website ist: Luciana Grandi.<\/p>\n<p><strong>2. Allgemeine Hinweise<\/strong><\/p>\n<p>Der Schutz Ihrer pers\u00f6nlichen Daten ist uns ein wichtiges Anliegen. Wir behandeln Ihre personenbezogenen Daten vertraulich und entsprechend der gesetzlichen Datenschutzvorschriften sowie dieser Datenschutzerkl\u00e4rung.<\/p>\n<p>Die Nutzung unserer Website ist in der Regel ohne Angabe personenbezogener Daten m\u00f6glich. Soweit auf unseren Seiten personenbezogene Daten (z.\u202fB. Name, Anschrift oder E-Mail-Adresse) erhoben werden, erfolgt dies stets auf freiwilliger Basis.<\/p>\n<p><strong>3. Erhebung und Speicherung personenbezogener Daten<\/strong><\/p>\n<p>Beim Aufrufen unserer Website werden durch den Hosting-Provider automatisch Informationen an den Server unserer Website gesendet. Diese Informationen werden tempor\u00e4r in einem sogenannten Logfile gespeichert. Erfasst werden dabei u.\u202fa.:<\/p>\n<p>IP-Adresse des anfragenden Rechners<br \/>Datum und Uhrzeit des Zugriffs<br \/>Name und URL der abgerufenen Datei<br \/>Website, von der aus der Zugriff erfolgt (Referrer-URL)<br \/>verwendeter Browser und ggf. das Betriebssystem Ihres Rechners<\/p>\n<p>Diese Daten dienen ausschlie\u00dflich statistischen Auswertungen und der technischen Optimierung der Website. Eine Zusammenf\u00fchrung mit anderen Datenquellen erfolgt nicht.<\/p>\n<p><strong>4. Kontaktaufnahme<\/strong><\/p>\n<p>Wenn Sie uns per E-Mail oder \u00fcber ein Kontaktformular kontaktieren, speichern wir Ihre Angaben zur Bearbeitung der Anfrage sowie f\u00fcr m\u00f6gliche Anschlussfragen. Diese Daten geben wir nicht ohne Ihre Einwilligung weiter.<\/p>\n<p>Rechtsgrundlage: Art. 6 Abs. 1 lit. b DSGVO (vorvertragliche Ma\u00dfnahmen) und Art. 6 Abs. 1 lit. f DSGVO (berechtigtes Interesse an der effektiven Bearbeitung Ihrer Anfrage).<\/p>\n<p><strong>5. Ihre Rechte<\/strong><\/p>\n<p>Sie haben gegen\u00fcber uns folgende Rechte hinsichtlich der Sie betreffenden personenbezogenen Daten:<\/p>\n<p>Recht auf Auskunft (Art. 15 DSGVO)<br \/>Recht auf Berichtigung (Art. 16 DSGVO)<br \/>Recht auf L\u00f6schung (Art. 17 DSGVO)<br \/>Recht auf Einschr\u00e4nkung der Verarbeitung (Art. 18 DSGVO)<br \/>Recht auf Daten\u00fcbertragbarkeit (Art. 20 DSGVO)<br \/>Recht auf Widerspruch gegen die Verarbeitung (Art. 21 DSGVO)<br \/>Zudem haben Sie das Recht, sich bei einer Datenschutzaufsichtsbeh\u00f6rde zu beschweren.<\/p>\n<p><strong>\u00a06. Auftragsverarbeitung<\/strong><\/p>\n<p>Sofern wir Dienstleister mit der Verarbeitung personenbezogener Daten beauftragen, erfolgt dies im Rahmen eines Auftragsverarbeitungsvertrags gem\u00e4\u00df Art. 28 DSGVO.<\/p>\n<p><strong>7. Datensicherheit<\/strong><\/p>\n<p>Wir setzen geeignete technische und organisatorische Sicherheitsma\u00dfnahmen ein, um Ihre Daten gegen Manipulation, Verlust, Zerst\u00f6rung oder unberechtigten Zugriff durch Dritte zu sch\u00fctzen. Unsere Website verwendet eine SSL- bzw. TLS-Verschl\u00fcsselung.<\/p>\n<p><strong>8. \u00c4nderungen dieser Datenschutzerkl\u00e4rung<\/strong><\/p>\n<p>Diese Datenschutzerkl\u00e4rung ist aktuell g\u00fcltig und hat den Stand: August 2025.<br \/>Wir behalten uns vor, sie bei Bedarf an rechtliche oder technische Entwicklungen anzupassen.<\/p>\n<p><strong>9. Cookies<\/strong><\/p>\n<p>Diese Website verwendet eventuell Cookies, um die Nutzung benutzerfreundlicher zu gestalten. Cookies sind kleine Textdateien, die auf Ihrem Ger\u00e4t gespeichert werden.<\/p>\n<p>Sie k\u00f6nnen Ihre Browser-Einstellungen entsprechend anpassen, um \u00fcber das Setzen von Cookies informiert zu werden, Cookies nur im Einzelfall zu erlauben oder generell zu deaktivieren. Bei der Deaktivierung von Cookies kann die Funktionalit\u00e4t dieser Website eingeschr\u00e4nkt sein.<\/p>\n<p>[\/et_pb_text][et_pb_code _builder_version=&#8220;4.27.4&#8243; _module_preset=&#8220;default&#8220; hover_enabled=&#8220;0&#8243; sticky_enabled=&#8220;0&#8243;][borlabs-cookie type=&#8220;btn-consent-preferences&#8220; title=&#8220;Cookie EInstellungen \u00e4ndern&#8220;\/][\/et_pb_code][\/et_pb_column][\/et_pb_row][\/et_pb_section]<\/p>\n","protected":false},"excerpt":{"rendered":"<p>Datenschutz1. Verantwortliche Stelle Verantwortlich f\u00fcr die Datenverarbeitung auf dieser Website ist: Luciana Grandi. 2. Allgemeine Hinweise Der Schutz Ihrer pers\u00f6nlichen Daten ist uns ein wichtiges Anliegen. Wir behandeln Ihre personenbezogenen Daten vertraulich und entsprechend der gesetzlichen Datenschutzvorschriften sowie dieser Datenschutzerkl\u00e4rung. Die Nutzung unserer Website ist in der Regel ohne Angabe personenbezogener Daten m\u00f6glich. Soweit auf [&hellip;]<\/p>\n","protected":false},"author":466,"featured_media":0,"parent":0,"menu_order":0,"comment_status":"closed","ping_status":"closed","template":"","meta":{"_et_pb_use_builder":"on","_et_pb_old_content":"","_et_gb_content_width":"","footnotes":""},"class_list":["post-2368","page","type-page","status-publish","hentry"],"jetpack_sharing_enabled":true,"_links":{"self":[{"href":"https:\/\/galeriehelligkeit.de\/sv\/wp-json\/wp\/v2\/pages\/2368","targetHints":{"allow":["GET"]}}],"collection":[{"href":"https:\/\/galeriehelligkeit.de\/sv\/wp-json\/wp\/v2\/pages"}],"about":[{"href":"https:\/\/galeriehelligkeit.de\/sv\/wp-json\/wp\/v2\/types\/page"}],"author":[{"embeddable":true,"href":"https:\/\/galeriehelligkeit.de\/sv\/wp-json\/wp\/v2\/users\/466"}],"replies":[{"embeddable":true,"href":"https:\/\/galeriehelligkeit.de\/sv\/wp-json\/wp\/v2\/comments?post=2368"}],"version-history":[{"count":0,"href":"https:\/\/galeriehelligkeit.de\/sv\/wp-json\/wp\/v2\/pages\/2368\/revisions"}],"wp:attachment":[{"href":"https:\/\/galeriehelligkeit.de\/sv\/wp-json\/wp\/v2\/media?parent=2368"}],"curies":[{"name":"wp","href":"https:\/\/api.w.org\/{rel}","templated":true}]}}