{"id":451,"date":"2024-03-19T14:35:55","date_gmt":"2024-03-19T14:35:55","guid":{"rendered":"https:\/\/galeriehelligkeit.de\/?page_id=451"},"modified":"2025-08-01T17:03:30","modified_gmt":"2025-08-01T17:03:30","slug":"upcoming-exhibitions","status":"publish","type":"page","link":"https:\/\/galeriehelligkeit.de\/es\/upcoming-exhibitions\/","title":{"rendered":"Exposiciones"},"content":{"rendered":"<p>[et_pb_section fb_built=&#8220;1&#8243; admin_label=&#8220;section&#8220; _builder_version=&#8220;4.27.4&#8243; background_color=&#8220;#000000&#8243; global_colors_info=&#8220;{}&#8220;][et_pb_row _builder_version=&#8220;4.16&#8243; custom_padding=&#8220;20px|||&#8220; locked=&#8220;off&#8220; global_colors_info=&#8220;{}&#8220; theme_builder_area=&#8220;post_content&#8220;][et_pb_column type=&#8220;4_4&#8243; _builder_version=&#8220;4.16&#8243; custom_padding=&#8220;|||&#8220; global_colors_info=&#8220;{}&#8220; custom_padding__hover=&#8220;|||&#8220; theme_builder_area=&#8220;post_content&#8220;][et_pb_text admin_label=&#8220;Features Section Title&#8220; _builder_version=&#8220;4.27.4&#8243; text_font=&#8220;||||||||&#8220; header_font=&#8220;Roboto|700||on|||||&#8220; header_text_align=&#8220;center&#8220; header_text_color=&#8220;#AFAFAF&#8220; header_font_size=&#8220;52px&#8220; header_letter_spacing=&#8220;4px&#8220; header_line_height=&#8220;1.2em&#8220; header_2_font=&#8220;||||||||&#8220; module_alignment=&#8220;center&#8220; custom_margin=&#8220;|||&#8220; custom_padding=&#8220;|||&#8220; animation_style=&#8220;fade&#8220; hover_enabled=&#8220;0&#8243; header_font_size_tablet=&#8220;40px&#8220; header_font_size_phone=&#8220;&#8220; header_font_size_last_edited=&#8220;on|tablet&#8220; locked=&#8220;off&#8220; global_colors_info=&#8220;{}&#8220; theme_builder_area=&#8220;post_content&#8220; sticky_enabled=&#8220;0&#8243;]<\/p>\n<h1>Ausstellungen<\/h1>\n<p>[\/et_pb_text][et_pb_divider color=&#8220;#AFAFAF&#8220; divider_weight=&#8220;2px&#8220; disabled_on=&#8220;off|off|off&#8220; _builder_version=&#8220;4.27.4&#8243; max_width=&#8220;100px&#8220; module_alignment=&#8220;center&#8220; animation_style=&#8220;fade&#8220; locked=&#8220;off&#8220; global_colors_info=&#8220;{}&#8220; theme_builder_area=&#8220;post_content&#8220;][\/et_pb_divider][\/et_pb_column][\/et_pb_row][et_pb_row _builder_version=&#8220;4.27.4&#8243; _module_preset=&#8220;default&#8220; column_structure=&#8220;2_5,3_5&#8243; hover_enabled=&#8220;0&#8243; sticky_enabled=&#8220;0&#8243;][et_pb_column _builder_version=&#8220;4.27.4&#8243; _module_preset=&#8220;default&#8220; type=&#8220;2_5&#8243;][et_pb_image src=&#8220;https:\/\/galeriehelligkeit.de\/wp-content\/uploads\/2025\/01\/AENY24-logo2-600&#215;400-100.jpg&#8220; _builder_version=&#8220;4.27.4&#8243; _module_preset=&#8220;default&#8220; hover_enabled=&#8220;0&#8243; sticky_enabled=&#8220;0&#8243; title_text=&#8220;AENY24-logo2-600&#215;400-100&#8243;][\/et_pb_image][\/et_pb_column][et_pb_column _builder_version=&#8220;4.27.4&#8243; _module_preset=&#8220;default&#8220; type=&#8220;3_5&#8243;][et_pb_text _builder_version=&#8220;4.27.4&#8243; _module_preset=&#8220;default&#8220; text_text_color=&#8220;#AFAFAF&#8220; text_font_size=&#8220;20px&#8220; hover_enabled=&#8220;0&#8243; global_colors_info=&#8220;{}&#8220; theme_builder_area=&#8220;post_content&#8220; sticky_enabled=&#8220;0&#8243;]<\/p>\n<p>3.\u20136. April 2025, Pier 36, 299 South St, New York, New York 10002<\/p>\n<p>[\/et_pb_text][\/et_pb_column][\/et_pb_row][et_pb_row _builder_version=&#8220;4.27.4&#8243; _module_preset=&#8220;default&#8220; column_structure=&#8220;2_5,3_5&#8243; hover_enabled=&#8220;0&#8243; sticky_enabled=&#8220;0&#8243; locked=&#8220;off&#8220;][et_pb_column _builder_version=&#8220;4.27.4&#8243; _module_preset=&#8220;default&#8220; type=&#8220;2_5&#8243;][et_pb_image src=&#8220;https:\/\/galeriehelligkeit.de\/wp-content\/uploads\/2025\/01\/Screenshot-2024-09-29-at-18-00-21-art-luxemburg-art3f-Google-Suche1-2.png&#8220; _builder_version=&#8220;4.27.4&#8243; _module_preset=&#8220;default&#8220; hover_enabled=&#8220;0&#8243; sticky_enabled=&#8220;0&#8243; title_text=&#8220;Screenshot 2024-09-29 at 18-00-21 art luxemburg art3f &#8211; Google Suche(1)&#8220;][\/et_pb_image][\/et_pb_column][et_pb_column _builder_version=&#8220;4.27.4&#8243; _module_preset=&#8220;default&#8220; type=&#8220;3_5&#8243;][et_pb_text _builder_version=&#8220;4.27.4&#8243; _module_preset=&#8220;default&#8220; text_text_color=&#8220;#AFAFAF&#8220; text_font_size=&#8220;20px&#8220; hover_enabled=&#8220;0&#8243; global_colors_info=&#8220;{}&#8220; theme_builder_area=&#8220;post_content&#8220; sticky_enabled=&#8220;0&#8243;]<\/p>\n<div class=\"wp-block-group alignfull\" style=\"text-align: center;\">\n<p style=\"text-align: left;\">27.\u201330. M\u00e4rz 2025, Internationale Messe f\u00fcr zeitgen\u00f6ssische Kunst, Luxexpo The Box<\/p>\n<\/div>\n<p>[\/et_pb_text][\/et_pb_column][\/et_pb_row][et_pb_row _builder_version=&#8220;4.27.4&#8243; _module_preset=&#8220;default&#8220; column_structure=&#8220;2_5,3_5&#8243; hover_enabled=&#8220;0&#8243; sticky_enabled=&#8220;0&#8243; locked=&#8220;off&#8220;][et_pb_column _builder_version=&#8220;4.27.4&#8243; _module_preset=&#8220;default&#8220; type=&#8220;2_5&#8243;][et_pb_image src=&#8220;https:\/\/galeriehelligkeit.de\/wp-content\/uploads\/2025\/01\/RDMIA-logo-2024-100-Kopie.jpg&#8220; _builder_version=&#8220;4.27.4&#8243; _module_preset=&#8220;default&#8220; hover_enabled=&#8220;0&#8243; sticky_enabled=&#8220;0&#8243; title_text=&#8220;RDMIA-logo-2024-100 Kopie&#8220;][\/et_pb_image][\/et_pb_column][et_pb_column _builder_version=&#8220;4.27.4&#8243; _module_preset=&#8220;default&#8220; type=&#8220;3_5&#8243;][et_pb_text _builder_version=&#8220;4.27.4&#8243; _module_preset=&#8220;default&#8220; text_text_color=&#8220;#AFAFAF&#8220; text_font_size=&#8220;20px&#8220; hover_enabled=&#8220;0&#8243; global_colors_info=&#8220;{}&#8220; theme_builder_area=&#8220;post_content&#8220; sticky_enabled=&#8220;0&#8243;]<\/p>\n<div class=\"wp-block-group alignfull\" style=\"text-align: center;\">\n<p style=\"text-align: left;\">04.\u201308. Dezember 2024, Internationale Gruppenkunstausstellung w\u00e4hrend der Miami Art Week 2024<\/p>\n<\/div>\n<p>[\/et_pb_text][\/et_pb_column][\/et_pb_row][et_pb_row _builder_version=&#8220;4.27.4&#8243; _module_preset=&#8220;default&#8220; column_structure=&#8220;2_5,3_5&#8243; hover_enabled=&#8220;0&#8243; sticky_enabled=&#8220;0&#8243; locked=&#8220;off&#8220;][et_pb_column _builder_version=&#8220;4.27.4&#8243; _module_preset=&#8220;default&#8220; type=&#8220;2_5&#8243;][et_pb_image src=&#8220;https:\/\/galeriehelligkeit.de\/wp-content\/uploads\/2025\/01\/ARTMUC_OKT24_Plain_Quer.jpg&#8220; _builder_version=&#8220;4.27.4&#8243; _module_preset=&#8220;default&#8220; hover_enabled=&#8220;0&#8243; sticky_enabled=&#8220;0&#8243; title_text=&#8220;ARTMUC_OKT24_Plain_Quer&#8220;][\/et_pb_image][\/et_pb_column][et_pb_column _builder_version=&#8220;4.27.4&#8243; _module_preset=&#8220;default&#8220; type=&#8220;3_5&#8243;][et_pb_text _builder_version=&#8220;4.27.4&#8243; _module_preset=&#8220;default&#8220; text_text_color=&#8220;#AFAFAF&#8220; text_font_size=&#8220;20px&#8220; hover_enabled=&#8220;0&#8243; global_colors_info=&#8220;{}&#8220; theme_builder_area=&#8220;post_content&#8220; sticky_enabled=&#8220;0&#8243;]<\/p>\n<p>25.\u201327. Oktober 2024, ARTMUC, M\u00fcnchen, Deutschland: Unsere Ausstellung pr\u00e4sentiert zeitgen\u00f6ssische Kunstwerke von K\u00fcnstlern aus verschiedenen L\u00e4ndern.<\/p>\n<p>[\/et_pb_text][\/et_pb_column][\/et_pb_row][\/et_pb_section]<\/p>\n","protected":false},"excerpt":{"rendered":"<p>Ausstellungen3.\u20136. April 2025, Pier 36, 299 South St, New York, New York 10002 27.\u201330. M\u00e4rz 2025, Internationale Messe f\u00fcr zeitgen\u00f6ssische Kunst, Luxexpo The Box 04.\u201308. Dezember 2024, Internationale Gruppenkunstausstellung w\u00e4hrend der Miami Art Week 2024 25.\u201327. Oktober 2024, ARTMUC, M\u00fcnchen, Deutschland: Unsere Ausstellung pr\u00e4sentiert zeitgen\u00f6ssische Kunstwerke von K\u00fcnstlern aus verschiedenen L\u00e4ndern.<\/p>","protected":false},"author":1,"featured_media":0,"parent":0,"menu_order":0,"comment_status":"closed","ping_status":"closed","template":"","meta":{"_et_pb_use_builder":"on","_et_pb_old_content":"<!-- wp:group {\"metadata\":{\"name\":\"Call to Action 3 - Superb Addons\"},\"align\":\"full\"} -->\n<div class=\"wp-block-group alignfull\"><!-- wp:paragraph -->\n<p>3.\u20136. April 2025, Pier 36, 299 South St, New York, New York 10002<\/p>\n<!-- \/wp:paragraph -->\n\n<!-- wp:image {\"id\":1779,\"width\":\"246px\",\"height\":\"auto\",\"sizeSlug\":\"full\",\"linkDestination\":\"none\"} -->\n<figure class=\"wp-block-image size-full is-resized\"><img src=\"https:\/\/galeriehelligkeit.de\/wp-content\/uploads\/2025\/01\/AENY24-logo2-600x400-100.jpg\" alt=\"\" class=\"wp-image-1779\" style=\"width:246px;height:auto\"\/><\/figure>\n<!-- \/wp:image --><\/div>\n<!-- \/wp:group -->\n\n<!-- wp:group {\"metadata\":{\"name\":\"Call to Action 3 - Superb Addons\"},\"align\":\"full\"} -->\n<div class=\"wp-block-group alignfull\"><!-- wp:paragraph -->\n<p>27.\u201330. M\u00e4rz 2025, Internationale Messe f\u00fcr zeitgen\u00f6ssische Kunst, Luxexpo The Box<\/p>\n<!-- \/wp:paragraph -->\n\n<!-- wp:image {\"id\":1782,\"width\":\"208px\",\"height\":\"auto\",\"sizeSlug\":\"full\",\"linkDestination\":\"none\"} -->\n<figure class=\"wp-block-image size-full is-resized\"><img src=\"https:\/\/galeriehelligkeit.de\/wp-content\/uploads\/2025\/01\/Screenshot-2024-09-29-at-18-00-21-art-luxemburg-art3f-Google-Suche1-2.png\" alt=\"\" class=\"wp-image-1782\" style=\"width:208px;height:auto\"\/><\/figure>\n<!-- \/wp:image -->\n\n<!-- wp:paragraph -->\n<p>04.\u201308. Dezember 2024, Internationale Gruppenkunstausstellung w\u00e4hrend der Miami Art Week 2024<\/p>\n<!-- \/wp:paragraph -->\n\n<!-- wp:image {\"id\":1765,\"width\":\"243px\",\"height\":\"auto\",\"sizeSlug\":\"full\",\"linkDestination\":\"none\"} -->\n<figure class=\"wp-block-image size-full is-resized\"><img src=\"https:\/\/galeriehelligkeit.de\/wp-content\/uploads\/2025\/01\/RDMIA-logo-2024-100-Kopie-1.jpg\" alt=\"\" class=\"wp-image-1765\" style=\"width:243px;height:auto\"\/><\/figure>\n<!-- \/wp:image -->\n\n<!-- wp:paragraph -->\n<p><\/p>\n<!-- \/wp:paragraph --><\/div>\n<!-- \/wp:group -->\n\n<!-- wp:shortcode -->\n[metaslider id=\"1114\"]\n<!-- \/wp:shortcode -->\n\n<!-- wp:paragraph -->\n<p>25.\u201327. Oktober 2024, ARTMUC, M\u00fcnchen, Deutschland: Unsere Ausstellung pr\u00e4sentiert zeitgen\u00f6ssische Kunstwerke von K\u00fcnstlern aus verschiedenen L\u00e4ndern.<\/p>\n<!-- \/wp:paragraph -->\n\n<!-- wp:image {\"id\":1774,\"width\":\"200px\",\"height\":\"auto\",\"sizeSlug\":\"full\",\"linkDestination\":\"none\"} -->\n<figure class=\"wp-block-image size-full is-resized\"><img src=\"https:\/\/galeriehelligkeit.de\/wp-content\/uploads\/2025\/01\/ARTMUC_OKT24_Datum_Quer-2.jpg\" alt=\"\" class=\"wp-image-1774\" style=\"width:200px;height:auto\"\/><\/figure>\n<!-- \/wp:image -->\n\n<!-- wp:paragraph -->\n<p><\/p>\n<!-- \/wp:paragraph -->\n\n<!-- wp:shortcode -->\n[metaslider id=\"1135\"]\n<!-- \/wp:shortcode -->\n\n<!-- wp:group {\"align\":\"full\",\"style\":{\"spacing\":{\"padding\":{\"bottom\":\"120px\",\"top\":\"var:preset|spacing|superbspacing-xxlarge\",\"right\":\"var:preset|spacing|superbspacing-small\",\"left\":\"var:preset|spacing|superbspacing-small\"},\"blockGap\":\"var:preset|spacing|superbspacing-small\"}},\"backgroundColor\":\"mono-4\",\"layout\":{\"type\":\"constrained\",\"contentSize\":\"700px\"}} -->\n<div class=\"wp-block-group alignfull has-mono-4-background-color has-background\" style=\"padding-top:var(--wp--preset--spacing--superbspacing-xxlarge);padding-right:var(--wp--preset--spacing--superbspacing-small);padding-bottom:120px;padding-left:var(--wp--preset--spacing--superbspacing-small)\"><!-- wp:group {\"align\":\"wide\",\"style\":{\"spacing\":{\"blockGap\":\"var:preset|spacing|superbspacing-xxsmall\"}},\"layout\":{\"type\":\"flex\",\"orientation\":\"vertical\",\"justifyContent\":\"center\"}} -->\n<div class=\"wp-block-group alignwide\"><!-- wp:paragraph {\"customFontSize\":25,\"letterSpacing\":1.8} -->\n<p style=\"letter-spacing:1.8px;font-size:25px\" class=\"has-custom-letterspacing\"><strong>fremdARTige alla Biennale, Venezia<\/strong><\/p>\n<!-- \/wp:paragraph -->\n\n<!-- wp:paragraph -->\n<p>Inspiriert von der 60. Kunstbiennale Venedig 2024<\/p>\n<!-- \/wp:paragraph -->\n\n<!-- wp:paragraph -->\n<p>10.-21. Juli 2024<\/p>\n<!-- \/wp:paragraph --><\/div>\n<!-- \/wp:group -->\n\n<!-- wp:shortcode -->\n[metaslider id=\"1027\"]\n<!-- \/wp:shortcode --><\/div>\n<!-- \/wp:group -->","_et_gb_content_width":"","footnotes":""},"class_list":["post-451","page","type-page","status-publish","hentry"],"jetpack_sharing_enabled":true,"_links":{"self":[{"href":"https:\/\/galeriehelligkeit.de\/es\/wp-json\/wp\/v2\/pages\/451","targetHints":{"allow":["GET"]}}],"collection":[{"href":"https:\/\/galeriehelligkeit.de\/es\/wp-json\/wp\/v2\/pages"}],"about":[{"href":"https:\/\/galeriehelligkeit.de\/es\/wp-json\/wp\/v2\/types\/page"}],"author":[{"embeddable":true,"href":"https:\/\/galeriehelligkeit.de\/es\/wp-json\/wp\/v2\/users\/1"}],"replies":[{"embeddable":true,"href":"https:\/\/galeriehelligkeit.de\/es\/wp-json\/wp\/v2\/comments?post=451"}],"version-history":[{"count":0,"href":"https:\/\/galeriehelligkeit.de\/es\/wp-json\/wp\/v2\/pages\/451\/revisions"}],"wp:attachment":[{"href":"https:\/\/galeriehelligkeit.de\/es\/wp-json\/wp\/v2\/media?parent=451"}],"curies":[{"name":"wp","href":"https:\/\/api.w.org\/{rel}","templated":true}]}}